{"id":16,"date":"2012-07-08T18:48:27","date_gmt":"2012-07-08T16:48:27","guid":{"rendered":"http:\/\/www.martin-schiller.net\/?page_id=16"},"modified":"2017-01-08T22:07:06","modified_gmt":"2017-01-08T21:07:06","slug":"warum-posaunenchor","status":"publish","type":"page","link":"http:\/\/www.posaunenchor-ulm-soeflingen.de\/?page_id=16","title":{"rendered":"Warum Posaunenchor"},"content":{"rendered":"<h2>Daf\u00fcr gibt&#8217;s gute Gr\u00fcnde.<\/h2>\n<h4>Musik machen &#8211; Ein Blechblasinstrument spielen<\/h4>\n<p>Musik konsumieren macht Spa\u00df. Mehr Freude bringt es, selbst zu musizieren, Musik zu \u201eproduzieren\u201c. Jeder, der schon einmal vor Publikum \u2013 einzeln oder in einer Gruppe \u2013 musiziert hat, wei\u00df, welch unbeschreibliches Gef\u00fchl das sein kann.<\/p>\n<p><img loading=\"lazy\" decoding=\"async\" src=\"http:\/\/www.posaunenchor-ulm-soeflingen.de\/wp-content\/uploads\/musik_machen.jpg\" alt=\"\" width=\"600\" height=\"113\" \/><\/p>\n<p>In christlichen Posaunench\u00f6ren erlebt man neben der Gemeinschaft verschiedener Generationen vor allem, wie sch\u00f6n es ist, f\u00fcr ein gemeinsames Ziel zu \u00fcben und zu spielen. Dabei ist das Blechblasinstrument vergleichsweise leicht zu lernen. Unser Posaunenchor bietet Leihinstrumente an, um das Reinschnuppern zu erleichtern. Musizieren im Posaunenchor \u2013 eine (klang-)gewaltige Sache.<\/p>\n<h4>Gemeinschaft erleben &#8211; Im Team verbunden<\/h4>\n<p>Das Musizieren im Posaunenchor hat auch einen positiven sozialen Aspekt. Verbunden in einem Chor begegnen sich der Teenager und die Oma, der Arbeitslose und der Oberarzt \u2013 ein musikalischer Br\u00fcckenschlag, der weiter tr\u00e4gt.<\/p>\n<p><img loading=\"lazy\" decoding=\"async\" src=\"http:\/\/www.posaunenchor-ulm-soeflingen.de\/wp-content\/uploads\/gemeinschaft_erleben.jpg\" alt=\"\" width=\"600\" height=\"113\" \/><\/p>\n<p>Posaunench\u00f6re sind darum auch Freundeskreise und\u00a0 Generationentreffs, man \u00fcbt und feiert zusammen, man hat gemeinsame Erlebnisse und man tritt zusammen auf. Eine wahrhaft lebendige Gemeinschaft von M\u00e4dchen und Jungen, Frauen und M\u00e4nnern.<\/p>\n<h4>Gott loben &#8211; Glauben leben<\/h4>\n<p>Musik bildet seit Jahrtausenden den Rahmen f\u00fcr Gottesdienst und sakrale Handlung. Wer im Posaunenchor musiziert, dem erschlie\u00dft sich eine v\u00f6llig neue Dimension des Gottesdienstes. Das gemeinsame Spiel im Posaunenchor \u2013 Gott zur Ehre und den Menschen zur Freude \u2013 hat eine neue Art von kirchlichem Dienst geschaffen. Laien arbeiten so am klingenden Evangelium mit. Das ist typisch evangelisch.<\/p>\n<p><img loading=\"lazy\" decoding=\"async\" src=\"http:\/\/www.posaunenchor-ulm-soeflingen.de\/wp-content\/uploads\/gott_loben.jpg\" alt=\"\" width=\"600\" height=\"113\" \/><\/p>\n<p>Das Mitmachen im Posaunenchor f\u00fchrt auch zu einem tiefen Erleben der gro\u00dfen sakralen Musik, von den Altmeistern Sch\u00fctz oder Bach bis zu den Gospels und Spirituals und der zeitgen\u00f6ssischen Kirchenmusik. Im Konzert Musik aus sechs Jahrhunderten zu pr\u00e4sentieren \u2013 f\u00fcr Musiker immer wieder ein (Glaubens-)Erlebnis.<\/p>\n","protected":false},"excerpt":{"rendered":"<p>Daf\u00fcr gibt&#8217;s gute Gr\u00fcnde. Musik machen &#8211; Ein Blechblasinstrument spielen Musik konsumieren macht Spa\u00df. Mehr Freude bringt es, selbst zu musizieren, Musik zu \u201eproduzieren\u201c. Jeder, der schon einmal vor Publikum \u2013 einzeln oder in einer Gruppe \u2013 musiziert hat, wei\u00df, welch unbeschreibliches Gef\u00fchl das sein kann. In christlichen Posaunench\u00f6ren erlebt man neben der Gemeinschaft verschiedener &hellip; <a href=\"http:\/\/www.posaunenchor-ulm-soeflingen.de\/?page_id=16\" class=\"more-link\"><span class=\"screen-reader-text\">Warum Posaunenchor<\/span> weiterlesen <span class=\"meta-nav\">&rarr;<\/span><\/a><\/p>\n","protected":false},"author":2,"featured_media":0,"parent":0,"menu_order":0,"comment_status":"closed","ping_status":"open","template":"","meta":{"footnotes":""},"class_list":["post-16","page","type-page","status-publish","hentry"],"_links":{"self":[{"href":"http:\/\/www.posaunenchor-ulm-soeflingen.de\/index.php?rest_route=\/wp\/v2\/pages\/16","targetHints":{"allow":["GET"]}}],"collection":[{"href":"http:\/\/www.posaunenchor-ulm-soeflingen.de\/index.php?rest_route=\/wp\/v2\/pages"}],"about":[{"href":"http:\/\/www.posaunenchor-ulm-soeflingen.de\/index.php?rest_route=\/wp\/v2\/types\/page"}],"author":[{"embeddable":true,"href":"http:\/\/www.posaunenchor-ulm-soeflingen.de\/index.php?rest_route=\/wp\/v2\/users\/2"}],"replies":[{"embeddable":true,"href":"http:\/\/www.posaunenchor-ulm-soeflingen.de\/index.php?rest_route=%2Fwp%2Fv2%2Fcomments&post=16"}],"version-history":[{"count":14,"href":"http:\/\/www.posaunenchor-ulm-soeflingen.de\/index.php?rest_route=\/wp\/v2\/pages\/16\/revisions"}],"predecessor-version":[{"id":489,"href":"http:\/\/www.posaunenchor-ulm-soeflingen.de\/index.php?rest_route=\/wp\/v2\/pages\/16\/revisions\/489"}],"wp:attachment":[{"href":"http:\/\/www.posaunenchor-ulm-soeflingen.de\/index.php?rest_route=%2Fwp%2Fv2%2Fmedia&parent=16"}],"curies":[{"name":"wp","href":"https:\/\/api.w.org\/{rel}","templated":true}]}}