{"id":46,"date":"2012-07-08T19:19:54","date_gmt":"2012-07-08T17:19:54","guid":{"rendered":"http:\/\/www.martin-schiller.net\/?page_id=46"},"modified":"2026-02-06T10:57:32","modified_gmt":"2026-02-06T09:57:32","slug":"jungblaserschulung","status":"publish","type":"page","link":"http:\/\/www.posaunenchor-ulm-soeflingen.de\/?page_id=46","title":{"rendered":"Mitmachen"},"content":{"rendered":"<h2><\/h2>\n<h2 style=\"text-align: center;\">Jungbl\u00e4ser<\/h2>\n<h2 style=\"text-align: center;\">Altbl\u00e4ser<\/h2>\n<h2 style=\"text-align: center;\">Blechblasinstrumenten-Entstauber<\/h2>\n<p>&nbsp;<\/p>\n<h2>Mach einfach mit, wir freuen uns auf Dich !<\/h2>\n<p>&nbsp;<\/p>\n<p>Wir laden Kinder, Jugendliche und Erwachsene wie DICH herzlich dazu ein, bei uns im Posaunenchor mitzuspielen.<\/p>\n<p>Aktive und auch inaktive Bl\u00e4serinnen und Bl\u00e4ser und alle, die nach einer Pause wieder einsteigen wollen, laden wir herzlich in unsere Chorgemeinschaft zum gemeinsamen Musizieren ein.<\/p>\n<p>Wann: donnerstags von 19:00 bis 20:30 Uhr<\/p>\n<p>Wo: Gemeindehaus der Christuskirche Ulm, K\u00f6nigstr. 5, 89077 Ulm<\/p>\n<p>Auch <strong>Jungbl\u00e4ser<\/strong> sind Herzlich Willkommen<\/p>\n<p>Das sind alle diejenigen, die schon immer ein Blechblasinstrument lernen wollten. Ab ca. 8 Jahren bis, ja bis&#8230; nun ja&#8230; , solange Du dich fit genug f\u00fchlst ein Blechblasinstrument zu lernen. Egal wie viele Dekaden Du schon auf dieser Erde weilst. Der Einstieg ist, nach Absprache, jederzeit m\u00f6glich. Das Instrument kann auch vom Posaunenchor ausgeliehen werden. Der Unkostenbeitrag der Schulung betr\u00e4gt .<\/p>\n<p>Wann: donnerstags von 18:00 bis 19:00Uhr<\/p>\n<p>Wo:\u00a0 Gemeindehaus der Christuskirche Ulm, K\u00f6nigstr. 5, 89077 Ulm<\/p>\n<p>Unkostenbeitrag: monatlich 20,- Euro<\/p>\n<p><em>Kleiner Hinweis:<\/em><\/p>\n<p>Wir sind ein klassischer evangelischer Posaunenchor. Das hei\u00dft, dass wir im Violinschl\u00fcssel anders klingen als das Instrument im Violinschl\u00fcssel des Musikvereins. Man muss also transponieren k\u00f6nnen. Da ich im Bassschl\u00fcssel spiele und es im Posaunenchor gelernt habe, kann ich das leider nicht fachlich korrekt wiedergeben. Wof\u00fcr ich mich entschuldige. Ich m\u00f6chte nur auf diesen Unterschied aufmerksam machen.<\/p>\n","protected":false},"excerpt":{"rendered":"<p>Jungbl\u00e4ser Altbl\u00e4ser Blechblasinstrumenten-Entstauber &nbsp; Mach einfach mit, wir freuen uns auf Dich ! &nbsp; Wir laden Kinder, Jugendliche und Erwachsene wie DICH herzlich dazu ein, bei uns im Posaunenchor mitzuspielen. Aktive und auch inaktive Bl\u00e4serinnen und Bl\u00e4ser und alle, die nach einer Pause wieder einsteigen wollen, laden wir herzlich in unsere Chorgemeinschaft zum gemeinsamen Musizieren &hellip; <a href=\"http:\/\/www.posaunenchor-ulm-soeflingen.de\/?page_id=46\" class=\"more-link\"><span class=\"screen-reader-text\">Mitmachen<\/span> weiterlesen <span class=\"meta-nav\">&rarr;<\/span><\/a><\/p>\n","protected":false},"author":2,"featured_media":0,"parent":0,"menu_order":0,"comment_status":"closed","ping_status":"open","template":"","meta":{"footnotes":""},"class_list":["post-46","page","type-page","status-publish","hentry"],"_links":{"self":[{"href":"http:\/\/www.posaunenchor-ulm-soeflingen.de\/index.php?rest_route=\/wp\/v2\/pages\/46","targetHints":{"allow":["GET"]}}],"collection":[{"href":"http:\/\/www.posaunenchor-ulm-soeflingen.de\/index.php?rest_route=\/wp\/v2\/pages"}],"about":[{"href":"http:\/\/www.posaunenchor-ulm-soeflingen.de\/index.php?rest_route=\/wp\/v2\/types\/page"}],"author":[{"embeddable":true,"href":"http:\/\/www.posaunenchor-ulm-soeflingen.de\/index.php?rest_route=\/wp\/v2\/users\/2"}],"replies":[{"embeddable":true,"href":"http:\/\/www.posaunenchor-ulm-soeflingen.de\/index.php?rest_route=%2Fwp%2Fv2%2Fcomments&post=46"}],"version-history":[{"count":27,"href":"http:\/\/www.posaunenchor-ulm-soeflingen.de\/index.php?rest_route=\/wp\/v2\/pages\/46\/revisions"}],"predecessor-version":[{"id":823,"href":"http:\/\/www.posaunenchor-ulm-soeflingen.de\/index.php?rest_route=\/wp\/v2\/pages\/46\/revisions\/823"}],"wp:attachment":[{"href":"http:\/\/www.posaunenchor-ulm-soeflingen.de\/index.php?rest_route=%2Fwp%2Fv2%2Fmedia&parent=46"}],"curies":[{"name":"wp","href":"https:\/\/api.w.org\/{rel}","templated":true}]}}